{"id":651,"date":"2020-09-11T14:31:45","date_gmt":"2020-09-11T14:31:45","guid":{"rendered":"https:\/\/equitest.co\/testing\/?page_id=651"},"modified":"2021-10-15T02:55:08","modified_gmt":"2021-10-15T02:55:08","slug":"inscripcion-webinar","status":"publish","type":"page","link":"https:\/\/equitest.co\/testing\/inscripcion-webinar\/","title":{"rendered":"Inscripci\u00f3n Webinar: Equipo De Pruebas trif\u00e1sicas de rel\u00e9s QUASAR"},"content":{"rendered":"<div id=\"pl-651\"  class=\"panel-layout\" >\n<div id=\"pg-651-0\"  class=\"panel-grid panel-no-style\"  data-style=\"{&quot;background_image_attachment&quot;:false,&quot;background_display&quot;:&quot;tile&quot;,&quot;cell_alignment&quot;:&quot;flex-start&quot;}\" >\n<div id=\"pgc-651-0-0\"  class=\"panel-grid-cell\"  data-weight=\"1\" >\n<div id=\"panel-651-0-0-0\" class=\"so-panel widget widget_media_image panel-first-child panel-last-child\" data-index=\"0\" data-style=\"{&quot;background_image_attachment&quot;:false,&quot;background_display&quot;:&quot;tile&quot;}\" >[siteorigin_widget class=\u00bbWP_Widget_Media_Image\u00bb]<input type=\"hidden\" value=\"{&quot;instance&quot;:{&quot;size&quot;:&quot;full&quot;,&quot;width&quot;:1080,&quot;height&quot;:50,&quot;caption&quot;:&quot;&quot;,&quot;alt&quot;:&quot;&quot;,&quot;link_type&quot;:&quot;&quot;,&quot;link_url&quot;:&quot;&quot;,&quot;image_classes&quot;:&quot;&quot;,&quot;link_classes&quot;:&quot;&quot;,&quot;link_rel&quot;:&quot;&quot;,&quot;link_target_blank&quot;:false,&quot;image_title&quot;:&quot;&quot;,&quot;attachment_id&quot;:76,&quot;url&quot;:&quot;https:\\\/\\\/equitest.co\\\/testing\\\/wp-content\\\/uploads\\\/2020\\\/09\\\/top.jpg&quot;,&quot;title&quot;:&quot;&quot;,&quot;so_sidebar_emulator_id&quot;:&quot;media_image-65110000&quot;,&quot;option_name&quot;:&quot;widget_media_image&quot;},&quot;args&quot;:{&quot;before_widget&quot;:&quot;&lt;div id=\\&quot;panel-651-0-0-0\\&quot; class=\\&quot;so-panel widget widget_media_image panel-first-child panel-last-child\\&quot; data-index=\\&quot;0\\&quot; data-style=\\&quot;{&amp;quot;background_image_attachment&amp;quot;:false,&amp;quot;background_display&amp;quot;:&amp;quot;tile&amp;quot;}\\&quot; &gt;&quot;,&quot;after_widget&quot;:&quot;&lt;\\\/div&gt;&quot;,&quot;before_title&quot;:&quot;&lt;h3 class=\\&quot;widget-title\\&quot;&gt;&quot;,&quot;after_title&quot;:&quot;&lt;\\\/h3&gt;&quot;,&quot;widget_id&quot;:&quot;widget-0-0-0&quot;}}\" \/>[\/siteorigin_widget]<\/div>\n<\/div>\n<\/div>\n<div id=\"pg-651-1\"  class=\"panel-grid panel-no-style\"  data-style=\"{&quot;background_image_attachment&quot;:false,&quot;background_display&quot;:&quot;tile&quot;,&quot;cell_alignment&quot;:&quot;flex-start&quot;}\"  data-ratio=\"1\"  data-ratio-direction=\"right\" >\n<div id=\"pgc-651-1-0\"  class=\"panel-grid-cell\"  data-weight=\"1\" >\n<div id=\"panel-651-1-0-0\" class=\"so-panel widget widget_black-studio-tinymce widget_black_studio_tinymce panel-first-child panel-last-child\" data-index=\"1\" data-style=\"{&quot;background_image_attachment&quot;:false,&quot;background_display&quot;:&quot;tile&quot;}\" >\n<h3 class=\"widget-title\">FORMULARIO DE INSCRIPCI\u00d3N<\/h3>\n<div class=\"textwidget\">\n<div role=\"form\" class=\"wpcf7\" id=\"wpcf7-f841-o2\" lang=\"es-ES\" dir=\"ltr\">\n<div class=\"screen-reader-response\">\n<p role=\"status\" aria-live=\"polite\" aria-atomic=\"true\">\n<ul><\/ul>\n<\/div>\n<form action=\"\/testing\/wp-admin\/post.php#wpcf7-f841-o2\" method=\"post\" class=\"wpcf7-form init wpcf7-acceptance-as-validation\" novalidate=\"novalidate\" data-status=\"init\">\n<div style=\"display: none;\">\n<input type=\"hidden\" name=\"_wpcf7\" value=\"841\" \/><br \/>\n<input type=\"hidden\" name=\"_wpcf7_version\" value=\"5.5.1\" \/><br \/>\n<input type=\"hidden\" name=\"_wpcf7_locale\" value=\"es_ES\" \/><br \/>\n<input type=\"hidden\" name=\"_wpcf7_unit_tag\" value=\"wpcf7-f841-o2\" \/><br \/>\n<input type=\"hidden\" name=\"_wpcf7_container_post\" value=\"0\" \/><br \/>\n<input type=\"hidden\" name=\"_wpcf7_posted_data_hash\" value=\"\" \/>\n<\/div>\n<p>Nombre completo (requerido)<\/p>\n<p>    <span class=\"wpcf7-form-control-wrap your-name\"><input type=\"text\" name=\"your-name\" value=\"\" size=\"40\" class=\"wpcf7-form-control wpcf7-text wpcf7-validates-as-required\" aria-required=\"true\" aria-invalid=\"false\" \/><\/span> <\/p>\n<p>Email (requerido)<\/p>\n<p>    <span class=\"wpcf7-form-control-wrap your-email\"><input type=\"email\" name=\"your-email\" value=\"\" size=\"40\" class=\"wpcf7-form-control wpcf7-text wpcf7-email wpcf7-validates-as-required wpcf7-validates-as-email\" aria-required=\"true\" aria-invalid=\"false\" \/><\/span> <\/p>\n<p>Celular \/ Telefono (requerido)<\/p>\n<p>    <span class=\"wpcf7-form-control-wrap your-phone\"><input type=\"text\" name=\"your-phone\" value=\"\" size=\"40\" class=\"wpcf7-form-control wpcf7-text wpcf7-validates-as-required\" aria-required=\"true\" aria-invalid=\"false\" \/><\/span> <\/p>\n<p>Empresa (requerido)<\/p>\n<p>    <span class=\"wpcf7-form-control-wrap your-empresa\"><input type=\"text\" name=\"your-empresa\" value=\"\" size=\"40\" class=\"wpcf7-form-control wpcf7-text wpcf7-validates-as-required\" aria-required=\"true\" aria-invalid=\"false\" \/><\/span> <\/p>\n<p>\u00c1rea de la Empresa (requerido)<\/p>\n<p>    <span class=\"wpcf7-form-control-wrap your-area\"><input type=\"text\" name=\"your-area\" value=\"\" size=\"40\" class=\"wpcf7-form-control wpcf7-text wpcf7-validates-as-required\" aria-required=\"true\" aria-invalid=\"false\" \/><\/span> <\/p>\n<p>Cargo profesional (requerido)<\/p>\n<p>    <span class=\"wpcf7-form-control-wrap your-cargo\"><input type=\"text\" name=\"your-cargo\" value=\"\" size=\"40\" class=\"wpcf7-form-control wpcf7-text wpcf7-validates-as-required\" aria-required=\"true\" aria-invalid=\"false\" \/><\/span> <\/p>\n<p>Ciudad (requerido)<\/p>\n<p>    <span class=\"wpcf7-form-control-wrap your-ciudad\"><input type=\"text\" name=\"your-ciudad\" value=\"\" size=\"40\" class=\"wpcf7-form-control wpcf7-text wpcf7-validates-as-required\" aria-required=\"true\" aria-invalid=\"false\" \/><\/span> <\/p>\n<p>\u00bfC\u00f3mo se enter\u00f3 de este webinar?* (requerido)<\/p>\n<p>    <span class=\"wpcf7-form-control-wrap your-como\"><input type=\"text\" name=\"your-como\" value=\"\" size=\"40\" class=\"wpcf7-form-control wpcf7-text wpcf7-validates-as-required\" aria-required=\"true\" aria-invalid=\"false\" \/><\/span> <\/p>\n<div style=\"width:370px;height:300px;line-height:2em;overflow:scroll;padding:5px;background-color:#FFFFFF;color:#714D03;border:4px double #CBBABA;\">\n<p style=\"text-align: center;\"><strong><a>AUTORIZACI\u00d3N DE TRATAMIENTO DE DATOS PERSONALES<\/a><\/strong><\/p>\n<p style=\"line-height: 2em; font-size: 8pt; text-align: justify;\"><a><span style=\"color: black; text-align: justify;\">Declaro que he sido informado: (i) Que EQUITEST COLOMBIA S.A.S., actuar\u00e1 directamente como el Responsable del Tratamiento de mis datos personales y ha puesto a mi disposici\u00f3n la l\u00ednea de atenci\u00f3n en Cali (2) 3152020 y el correo electr\u00f3nico equitest@equitest.co para ello, cuya informaci\u00f3n puedo consultar a trav\u00e9s la l\u00ednea mencionada de lunes a viernes en horario de oficina y\/o al correo suministrado, para la atenci\u00f3n de requerimientos relacionados con el tratamiento de mis datos personales y el ejercicio de los derechos mencionados en esta autorizaci\u00f3n; (ii) Mis datos ser\u00e1n tratados para fines precontractuales, contractuales, pos contractuales, comerciales, de atenci\u00f3n al cliente y mercadeo, actualizaci\u00f3n, reporte, estad\u00edstica, encuestas, atenci\u00f3n y tramitaci\u00f3n; (iii) Mis derechos como titular del dato son los previstos en la Constituci\u00f3n y la ley, especialmente el derecho a conocer, actualizar, rectificar y suprimir mi informaci\u00f3n personal, as\u00ed como el derecho a revocar el consentimiento otorgado para el tratamiento de datos personales. Estos derechos los puedo ejercer a trav\u00e9s de los canales dispuestos por EQUITEST COLOMBIA S.A.S. para la atenci\u00f3n al p\u00fablico y observando la Pol\u00edtica de Tratamiento de datos personales de EQUITEST COLOMBIA S.A.S. disponible en http:\/\/www.equitest.co; (iv) Es voluntario responder preguntas que eventualmente me sean<br \/>\nhechas sobre datos generales y que \u00e9stos ser\u00e1n tratados como lo estipula la ley .<br \/>\nTeniendo en cuenta lo anterior, autorizo y otorgo mi consentimiento de manera voluntaria, previa, expl\u00edcita, informada e inequ\u00edvoca a EQUITEST COLOMBIA S.A.S. para tratar mi informaci\u00f3n personal de acuerdo con la Pol\u00edtica de Tratamiento de Datos Personales y por tanto, me comprometo a conocer la pol\u00edtica mencionada disponible en: http:\/\/www.equitest.co La informaci\u00f3n del formato del cual forma parte la presente autorizaci\u00f3n la he suministrado de forma voluntaria y es ver\u00eddica.<\/span><\/a><\/p>\n<\/div>\n<p><span class=\"wpcf7-form-control-wrap accept-this-1\"><span class=\"wpcf7-form-control wpcf7-acceptance\"><span class=\"wpcf7-list-item\"><input type=\"checkbox\" name=\"accept-this-1\" value=\"1\" aria-invalid=\"false\" \/><\/span><\/span><\/span> Acepto los t\u00e9rminos y condiciones.\n<\/p>\n<p>Consulta<\/p>\n<p>    <span class=\"wpcf7-form-control-wrap your-message\"><textarea name=\"your-message\" cols=\"40\" rows=\"10\" class=\"wpcf7-form-control wpcf7-textarea\" aria-invalid=\"false\"><\/textarea><\/span> <\/p>\n<p><input type=\"submit\" value=\"Enviar\" class=\"wpcf7-form-control has-spinner wpcf7-submit\" \/><\/p>\n<div class=\"wpcf7-response-output\" aria-hidden=\"true\"><\/div>\n<\/form>\n<\/div>\n<p>&nbsp;<\/p><\/div>\n<\/div>\n<\/div>\n<\/div>\n<\/div>\n<style type=\"text\/css\" class=\"panels-style\" data-panels-style-for-post=\"651\">@import url(https:\/\/equitest.co\/testing\/wp-content\/plugins\/siteorigin-panels\/css\/front-flex.min.css); #pgc-651-0-0 , #pgc-651-1-0 { width:100%;width:calc(100% - ( 0 * 30px ) ) } #pg-651-0 , #pl-651 .so-panel { margin-bottom:30px } #pl-651 .so-panel:last-of-type { margin-bottom:0px } #pg-651-0.panel-has-style > .panel-row-style, #pg-651-0.panel-no-style , #pg-651-1.panel-has-style > .panel-row-style, #pg-651-1.panel-no-style { -webkit-align-items:flex-start;align-items:flex-start } @media (max-width:780px){ #pg-651-0.panel-no-style, #pg-651-0.panel-has-style > .panel-row-style, #pg-651-0 , #pg-651-1.panel-no-style, #pg-651-1.panel-has-style > .panel-row-style, #pg-651-1 { -webkit-flex-direction:column;-ms-flex-direction:column;flex-direction:column } #pg-651-0 > .panel-grid-cell , #pg-651-0 > .panel-row-style > .panel-grid-cell , #pg-651-1 > .panel-grid-cell , #pg-651-1 > .panel-row-style > .panel-grid-cell { width:100%;margin-right:0 } #pg-651-0 , #pg-651-1 { margin-bottom:px } #pl-651 .panel-grid-cell { padding:0 } #pl-651 .panel-grid .panel-grid-cell-empty { display:none } #pl-651 .panel-grid .panel-grid-cell-mobile-last { margin-bottom:0px }  } <\/style>\n","protected":false},"excerpt":{"rendered":"<p>[siteorigin_widget class=\u00bbWP_Widget_Media_Image\u00bb][\/siteorigin_widget] FORMULARIO DE INSCRIPCI\u00d3N Nombre completo (requerido) Email (requerido) Celular \/ Telefono (requerido) Empresa (requerido) \u00c1rea de la Empresa (requerido) Cargo profesional (requerido) Ciudad (requerido) \u00bfC\u00f3mo se enter\u00f3 de este webinar?* (requerido) AUTORIZACI\u00d3N DE TRATAMIENTO DE DATOS PERSONALES Declaro que he sido informado: (i) Que EQUITEST COLOMBIA S.A.S., actuar\u00e1 directamente como el Responsable del [&hellip;]<\/p>\n","protected":false},"author":1,"featured_media":0,"parent":0,"menu_order":0,"comment_status":"closed","ping_status":"closed","template":"","meta":{"_et_pb_use_builder":"","_et_pb_old_content":"","_et_gb_content_width":"","footnotes":""},"class_list":["post-651","page","type-page","status-publish","hentry"],"_links":{"self":[{"href":"https:\/\/equitest.co\/testing\/wp-json\/wp\/v2\/pages\/651","targetHints":{"allow":["GET"]}}],"collection":[{"href":"https:\/\/equitest.co\/testing\/wp-json\/wp\/v2\/pages"}],"about":[{"href":"https:\/\/equitest.co\/testing\/wp-json\/wp\/v2\/types\/page"}],"author":[{"embeddable":true,"href":"https:\/\/equitest.co\/testing\/wp-json\/wp\/v2\/users\/1"}],"replies":[{"embeddable":true,"href":"https:\/\/equitest.co\/testing\/wp-json\/wp\/v2\/comments?post=651"}],"version-history":[{"count":9,"href":"https:\/\/equitest.co\/testing\/wp-json\/wp\/v2\/pages\/651\/revisions"}],"predecessor-version":[{"id":846,"href":"https:\/\/equitest.co\/testing\/wp-json\/wp\/v2\/pages\/651\/revisions\/846"}],"wp:attachment":[{"href":"https:\/\/equitest.co\/testing\/wp-json\/wp\/v2\/media?parent=651"}],"curies":[{"name":"wp","href":"https:\/\/api.w.org\/{rel}","templated":true}]}}